{"id":97,"date":"2017-07-18T12:25:00","date_gmt":"2017-07-18T10:25:00","guid":{"rendered":"https:\/\/www.biewer-optik.de\/wp\/?page_id=97"},"modified":"2023-03-07T11:21:59","modified_gmt":"2023-03-07T10:21:59","slug":"ueber-uns","status":"publish","type":"page","link":"https:\/\/www.biewer-optik.de\/index.php\/ueber-uns\/","title":{"rendered":"\u00dcber uns"},"content":{"rendered":"<p><img loading=\"lazy\" decoding=\"async\" class=\"alignnone size-full wp-image-98\" src=\"https:\/\/www.biewer-optik.de\/wp-content\/uploads\/head-ueber-uns.jpg\" alt=\"\" width=\"2000\" height=\"500\" srcset=\"https:\/\/www.biewer-optik.de\/wp-content\/uploads\/head-ueber-uns.jpg 2000w, https:\/\/www.biewer-optik.de\/wp-content\/uploads\/head-ueber-uns-300x75.jpg 300w, https:\/\/www.biewer-optik.de\/wp-content\/uploads\/head-ueber-uns-768x192.jpg 768w, https:\/\/www.biewer-optik.de\/wp-content\/uploads\/head-ueber-uns-1024x256.jpg 1024w\" sizes=\"auto, (max-width: 2000px) 100vw, 2000px\" \/><\/p>\n<div class=\"point\">\n<div class=\"point-two-third\">\n<p>Schon seit 1953 existiert das individuelle Gesch\u00e4ft, seinerzeit von Uhrmachermeister Helmut Biewer gegr\u00fcndet und lange erfolgreich von ihm geleitet. In der zweiten Generation f\u00fchrt sein Sohn Harald, Augenoptikermeister, seit 1984 die Tradition weiter. Gr\u00f6\u00dftes Anliegen war und ist auch heute die Kundenzufriedenheit, die durch gezielte pers\u00f6nliche Betreuung und gro\u00dfe fachliche Kompetenz, erreicht wird.<\/p>\n<p>Daf\u00fcr stehen auch die gut ausgebildeten, spezialisierten Mitarbeiter, die das Team um Harald Biewer erg\u00e4nzen. Daher kommen auch Kunden aus einem weiteren Umkreis, um sich kompetent bei Augenoptik Biewer beraten zu lassen. Testen auch Sie unsere Kompetenz und schauen Sie einfach unverbindlich bei uns herein!<\/p>\n<\/div>\n<div class=\"point-one-third\">\n<h3 style=\"border-bottom: 2px solid #a89165;\">Einblicke in unser Gesch\u00e4ft<\/h3>\n<div id='gallery-1' class='gallery galleryid-97 gallery-columns-3 gallery-size-medium'><figure class='gallery-item'>\n\t\t\t<div class='gallery-icon landscape'>\n\t\t\t\t<a href='https:\/\/www.biewer-optik.de\/wp-content\/uploads\/ueber-uns1.jpg'><img loading=\"lazy\" decoding=\"async\" width=\"300\" height=\"191\" src=\"https:\/\/www.biewer-optik.de\/wp-content\/uploads\/ueber-uns1-300x191.jpg\" class=\"attachment-medium size-medium\" alt=\"\" srcset=\"https:\/\/www.biewer-optik.de\/wp-content\/uploads\/ueber-uns1-300x191.jpg 300w, https:\/\/www.biewer-optik.de\/wp-content\/uploads\/ueber-uns1-768x489.jpg 768w, https:\/\/www.biewer-optik.de\/wp-content\/uploads\/ueber-uns1.jpg 935w\" sizes=\"auto, (max-width: 300px) 100vw, 300px\" \/><\/a>\n\t\t\t<\/div><\/figure><figure class='gallery-item'>\n\t\t\t<div class='gallery-icon landscape'>\n\t\t\t\t<a href='https:\/\/www.biewer-optik.de\/wp-content\/uploads\/ueber-uns2.jpg'><img loading=\"lazy\" decoding=\"async\" width=\"300\" height=\"191\" src=\"https:\/\/www.biewer-optik.de\/wp-content\/uploads\/ueber-uns2-300x191.jpg\" class=\"attachment-medium size-medium\" alt=\"\" srcset=\"https:\/\/www.biewer-optik.de\/wp-content\/uploads\/ueber-uns2-300x191.jpg 300w, https:\/\/www.biewer-optik.de\/wp-content\/uploads\/ueber-uns2-768x489.jpg 768w, https:\/\/www.biewer-optik.de\/wp-content\/uploads\/ueber-uns2.jpg 935w\" sizes=\"auto, (max-width: 300px) 100vw, 300px\" \/><\/a>\n\t\t\t<\/div><\/figure><figure class='gallery-item'>\n\t\t\t<div class='gallery-icon landscape'>\n\t\t\t\t<a href='https:\/\/www.biewer-optik.de\/wp-content\/uploads\/ueber-uns3.jpg'><img loading=\"lazy\" decoding=\"async\" width=\"300\" height=\"191\" src=\"https:\/\/www.biewer-optik.de\/wp-content\/uploads\/ueber-uns3-300x191.jpg\" class=\"attachment-medium size-medium\" alt=\"\" srcset=\"https:\/\/www.biewer-optik.de\/wp-content\/uploads\/ueber-uns3-300x191.jpg 300w, https:\/\/www.biewer-optik.de\/wp-content\/uploads\/ueber-uns3-768x489.jpg 768w, https:\/\/www.biewer-optik.de\/wp-content\/uploads\/ueber-uns3.jpg 935w\" sizes=\"auto, (max-width: 300px) 100vw, 300px\" \/><\/a>\n\t\t\t<\/div><\/figure><figure class='gallery-item'>\n\t\t\t<div class='gallery-icon landscape'>\n\t\t\t\t<a href='https:\/\/www.biewer-optik.de\/wp-content\/uploads\/ueber-uns4.jpg'><img loading=\"lazy\" decoding=\"async\" width=\"300\" height=\"191\" src=\"https:\/\/www.biewer-optik.de\/wp-content\/uploads\/ueber-uns4-300x191.jpg\" class=\"attachment-medium size-medium\" alt=\"\" srcset=\"https:\/\/www.biewer-optik.de\/wp-content\/uploads\/ueber-uns4-300x191.jpg 300w, https:\/\/www.biewer-optik.de\/wp-content\/uploads\/ueber-uns4-768x489.jpg 768w, https:\/\/www.biewer-optik.de\/wp-content\/uploads\/ueber-uns4.jpg 935w\" sizes=\"auto, (max-width: 300px) 100vw, 300px\" \/><\/a>\n\t\t\t<\/div><\/figure><figure class='gallery-item'>\n\t\t\t<div class='gallery-icon landscape'>\n\t\t\t\t<a href='https:\/\/www.biewer-optik.de\/wp-content\/uploads\/head-ueber-uns.jpg'><img loading=\"lazy\" decoding=\"async\" width=\"300\" height=\"75\" src=\"https:\/\/www.biewer-optik.de\/wp-content\/uploads\/head-ueber-uns-300x75.jpg\" class=\"attachment-medium size-medium\" alt=\"\" srcset=\"https:\/\/www.biewer-optik.de\/wp-content\/uploads\/head-ueber-uns-300x75.jpg 300w, https:\/\/www.biewer-optik.de\/wp-content\/uploads\/head-ueber-uns-768x192.jpg 768w, https:\/\/www.biewer-optik.de\/wp-content\/uploads\/head-ueber-uns-1024x256.jpg 1024w, https:\/\/www.biewer-optik.de\/wp-content\/uploads\/head-ueber-uns.jpg 2000w\" sizes=\"auto, (max-width: 300px) 100vw, 300px\" \/><\/a>\n\t\t\t<\/div><\/figure>\n\t\t<\/div>\n\n<\/div>\n<\/div>\n<p>&nbsp;<\/p>\n","protected":false},"excerpt":{"rendered":"<p>Schon seit 1953 existiert das individuelle Gesch\u00e4ft, seinerzeit von Uhrmachermeister Helmut Biewer gegr\u00fcndet und lange erfolgreich von ihm geleitet. In der zweiten Generation f\u00fchrt sein Sohn Harald, Augenoptikermeister, seit 1984 die Tradition weiter. Gr\u00f6\u00dftes Anliegen war und ist auch heute<\/p>\n","protected":false},"author":1,"featured_media":0,"parent":0,"menu_order":0,"comment_status":"closed","ping_status":"closed","template":"","meta":{"footnotes":""},"class_list":["post-97","page","type-page","status-publish","hentry"],"_links":{"self":[{"href":"https:\/\/www.biewer-optik.de\/index.php\/wp-json\/wp\/v2\/pages\/97","targetHints":{"allow":["GET"]}}],"collection":[{"href":"https:\/\/www.biewer-optik.de\/index.php\/wp-json\/wp\/v2\/pages"}],"about":[{"href":"https:\/\/www.biewer-optik.de\/index.php\/wp-json\/wp\/v2\/types\/page"}],"author":[{"embeddable":true,"href":"https:\/\/www.biewer-optik.de\/index.php\/wp-json\/wp\/v2\/users\/1"}],"replies":[{"embeddable":true,"href":"https:\/\/www.biewer-optik.de\/index.php\/wp-json\/wp\/v2\/comments?post=97"}],"version-history":[{"count":7,"href":"https:\/\/www.biewer-optik.de\/index.php\/wp-json\/wp\/v2\/pages\/97\/revisions"}],"predecessor-version":[{"id":454,"href":"https:\/\/www.biewer-optik.de\/index.php\/wp-json\/wp\/v2\/pages\/97\/revisions\/454"}],"wp:attachment":[{"href":"https:\/\/www.biewer-optik.de\/index.php\/wp-json\/wp\/v2\/media?parent=97"}],"curies":[{"name":"wp","href":"https:\/\/api.w.org\/{rel}","templated":true}]}}