{"id":165,"date":"2017-07-18T13:14:27","date_gmt":"2017-07-18T11:14:27","guid":{"rendered":"https:\/\/www.biewer-optik.de\/wp\/?page_id=165"},"modified":"2017-08-09T19:32:59","modified_gmt":"2017-08-09T17:32:59","slug":"fernglaeser-lupen","status":"publish","type":"page","link":"https:\/\/www.biewer-optik.de\/index.php\/fernglaeser-lupen\/","title":{"rendered":"Ferngl\u00e4ser &#038; Lupen"},"content":{"rendered":"<p><img loading=\"lazy\" decoding=\"async\" class=\"alignnone size-full wp-image-166\" src=\"https:\/\/www.biewer-optik.de\/wp-content\/uploads\/head-fernglaeser.jpg\" alt=\"\" width=\"2000\" height=\"500\" srcset=\"https:\/\/www.biewer-optik.de\/wp-content\/uploads\/head-fernglaeser.jpg 2000w, https:\/\/www.biewer-optik.de\/wp-content\/uploads\/head-fernglaeser-300x75.jpg 300w, https:\/\/www.biewer-optik.de\/wp-content\/uploads\/head-fernglaeser-768x192.jpg 768w, https:\/\/www.biewer-optik.de\/wp-content\/uploads\/head-fernglaeser-1024x256.jpg 1024w\" sizes=\"auto, (max-width: 2000px) 100vw, 2000px\" \/><\/p>\n<div class=\"point\">\n<div class=\"point-two-third\">\n<h5>Ferngl\u00e4ser<\/h5>\n<p>Wir f\u00fchren Ferngl\u00e4ser in grosser Auswahl der Firmen Eschenbach, Carl Zeiss, Steiner Optik.<\/p>\n<h5>Lupen<\/h5>\n<h6>1. Handlupen &amp; Lesegl\u00e4ser<\/h6>\n<p>Taschenleuchten, aplanatische Lesegl\u00e4ser, asph\u00e4rische Lesegl\u00e4ser, Bikonvexlupen, Umh\u00e4ngelupen, Einschlaglupen, Hand-Stand-Lupen<\/p>\n<h6>2. Standlupen &amp; Lupenleuchten<\/h6>\n<p>Lesest\u00e4be, Hellfeldlupen, Segmenthellfeldlupen, Aufsetzlupen, beleuchtete Standlupen, Lupenleuchten<\/p>\n<h6>3. Elektronische Sehhilfen und Licht<\/h6>\n<p>Smartlux Digital, mobilux Digital<\/p>\n<h6>4. Kopflupen &amp; Vorsatzlupen<\/h6>\n<p>Labo MED, labo COMFORT, labo CLIP<\/p>\n<h6>5. Technische Lupen<\/h6>\n<p>Schiebe- und Einschlaglupen, Griff- und Standlupen, Uhrmacherlupen, Steinlupen, Pr\u00e4zisions-Fadenz\u00e4hler, Mess-Fadenz\u00e4hler, Skalenlupen, Stabmikroskope<\/p>\n<h6>6. Teleskope<\/h6>\n<ul>\n<li>Galilei Systeme 2,0x | 2,2x | 2,5x<\/li>\n<li>Fokussierbare Kepler-Systeme 2,8x &#8211; 12,5\u00b0 | 4,2x &#8211; 10\u00b0 | 4,2x &#8211; 12,5\u00b0 | 6,0x &#8211; 10\u00b0<\/li>\n<li>Systemtr\u00e4ger<\/li>\n<li>teleMED | ridoMED, maxEVENT, maxTV, maxTV Clip, maxDETAIL, maxDETAIL Clip<\/li>\n<\/ul>\n<h6>7. Lesehilfen<\/h6>\n<p>Ready2read, clipread, miniframe2, miniframe2SUN, miniframeBIFO, prismatic BINO comfort, noves BINO, noves MONO, UniVision &#8211; Hyperokularsystem<\/p>\n<\/div>\n<div class=\"point-one-third\"><\/div>\n<\/div>\n<p>&nbsp;<\/p>\n","protected":false},"excerpt":{"rendered":"<p>Ferngl\u00e4ser Wir f\u00fchren Ferngl\u00e4ser in grosser Auswahl der Firmen Eschenbach, Carl Zeiss, Steiner Optik. Lupen 1. Handlupen &amp; Lesegl\u00e4ser Taschenleuchten, aplanatische Lesegl\u00e4ser, asph\u00e4rische Lesegl\u00e4ser, Bikonvexlupen, Umh\u00e4ngelupen, Einschlaglupen, Hand-Stand-Lupen 2. Standlupen &amp; Lupenleuchten Lesest\u00e4be, Hellfeldlupen, Segmenthellfeldlupen, Aufsetzlupen, beleuchtete Standlupen, Lupenleuchten 3.<\/p>\n","protected":false},"author":1,"featured_media":167,"parent":0,"menu_order":0,"comment_status":"closed","ping_status":"closed","template":"","meta":{"footnotes":""},"class_list":["post-165","page","type-page","status-publish","has-post-thumbnail","hentry"],"_links":{"self":[{"href":"https:\/\/www.biewer-optik.de\/index.php\/wp-json\/wp\/v2\/pages\/165","targetHints":{"allow":["GET"]}}],"collection":[{"href":"https:\/\/www.biewer-optik.de\/index.php\/wp-json\/wp\/v2\/pages"}],"about":[{"href":"https:\/\/www.biewer-optik.de\/index.php\/wp-json\/wp\/v2\/types\/page"}],"author":[{"embeddable":true,"href":"https:\/\/www.biewer-optik.de\/index.php\/wp-json\/wp\/v2\/users\/1"}],"replies":[{"embeddable":true,"href":"https:\/\/www.biewer-optik.de\/index.php\/wp-json\/wp\/v2\/comments?post=165"}],"version-history":[{"count":8,"href":"https:\/\/www.biewer-optik.de\/index.php\/wp-json\/wp\/v2\/pages\/165\/revisions"}],"predecessor-version":[{"id":406,"href":"https:\/\/www.biewer-optik.de\/index.php\/wp-json\/wp\/v2\/pages\/165\/revisions\/406"}],"wp:featuredmedia":[{"embeddable":true,"href":"https:\/\/www.biewer-optik.de\/index.php\/wp-json\/wp\/v2\/media\/167"}],"wp:attachment":[{"href":"https:\/\/www.biewer-optik.de\/index.php\/wp-json\/wp\/v2\/media?parent=165"}],"curies":[{"name":"wp","href":"https:\/\/api.w.org\/{rel}","templated":true}]}}