{"id":159,"date":"2017-07-18T13:11:38","date_gmt":"2017-07-18T11:11:38","guid":{"rendered":"https:\/\/www.biewer-optik.de\/wp\/?page_id=159"},"modified":"2017-07-19T18:50:21","modified_gmt":"2017-07-19T16:50:21","slug":"brillenrestauration","status":"publish","type":"page","link":"https:\/\/www.biewer-optik.de\/index.php\/brillenrestauration\/","title":{"rendered":"Brillenrestauration"},"content":{"rendered":"<p><img loading=\"lazy\" decoding=\"async\" src=\"https:\/\/www.biewer-optik.de\/wp-content\/uploads\/head-restauration.jpg\" alt=\"\" width=\"2000\" height=\"500\" class=\"alignnone size-full wp-image-160\" srcset=\"https:\/\/www.biewer-optik.de\/wp-content\/uploads\/head-restauration.jpg 2000w, https:\/\/www.biewer-optik.de\/wp-content\/uploads\/head-restauration-300x75.jpg 300w, https:\/\/www.biewer-optik.de\/wp-content\/uploads\/head-restauration-768x192.jpg 768w, https:\/\/www.biewer-optik.de\/wp-content\/uploads\/head-restauration-1024x256.jpg 1024w\" sizes=\"auto, (max-width: 2000px) 100vw, 2000px\" \/><\/p>\n<div class=\"point\">\n<div class=\"point-two-third\">\n<p>Mit gro\u00dfer Freude und Liebe werden von uns Ihre nostalgischen Brillen restauriert.<\/p>\n<p>Neben Aufarbeitungen wie z.B. Reinigung, Schleifen, Polieren, f\u00fchren wir auch L\u00f6tungen, Kittungen, Vernieten von Scharnieren durch ebenso galvanische Beschichtungen, wie vergolden, versilbern, rhodinieren.<\/p>\n<p>Hierbei werden Ihre Brillen noch nach alten handwerklichen Verfahren bearbeitet, welches mit gr\u00f6\u00dfter Sorgfalt geschieht. Dadurch erh\u00e4lt Ihr wertvolles Objekt wieder seinen urspr\u00fcnglichen Charakter.<\/p>\n<\/div>\n<div class=\"point-one-third\">\n<\/div>\n<\/div>\n<p>&nbsp;<\/p>\n","protected":false},"excerpt":{"rendered":"<p>Mit gro\u00dfer Freude und Liebe werden von uns Ihre nostalgischen Brillen restauriert. Neben Aufarbeitungen wie z.B. Reinigung, Schleifen, Polieren, f\u00fchren wir auch L\u00f6tungen, Kittungen, Vernieten von Scharnieren durch ebenso galvanische Beschichtungen, wie vergolden, versilbern, rhodinieren. Hierbei werden Ihre Brillen noch<\/p>\n","protected":false},"author":1,"featured_media":161,"parent":0,"menu_order":0,"comment_status":"closed","ping_status":"closed","template":"","meta":{"footnotes":""},"class_list":["post-159","page","type-page","status-publish","has-post-thumbnail","hentry"],"_links":{"self":[{"href":"https:\/\/www.biewer-optik.de\/index.php\/wp-json\/wp\/v2\/pages\/159","targetHints":{"allow":["GET"]}}],"collection":[{"href":"https:\/\/www.biewer-optik.de\/index.php\/wp-json\/wp\/v2\/pages"}],"about":[{"href":"https:\/\/www.biewer-optik.de\/index.php\/wp-json\/wp\/v2\/types\/page"}],"author":[{"embeddable":true,"href":"https:\/\/www.biewer-optik.de\/index.php\/wp-json\/wp\/v2\/users\/1"}],"replies":[{"embeddable":true,"href":"https:\/\/www.biewer-optik.de\/index.php\/wp-json\/wp\/v2\/comments?post=159"}],"version-history":[{"count":2,"href":"https:\/\/www.biewer-optik.de\/index.php\/wp-json\/wp\/v2\/pages\/159\/revisions"}],"predecessor-version":[{"id":285,"href":"https:\/\/www.biewer-optik.de\/index.php\/wp-json\/wp\/v2\/pages\/159\/revisions\/285"}],"wp:featuredmedia":[{"embeddable":true,"href":"https:\/\/www.biewer-optik.de\/index.php\/wp-json\/wp\/v2\/media\/161"}],"wp:attachment":[{"href":"https:\/\/www.biewer-optik.de\/index.php\/wp-json\/wp\/v2\/media?parent=159"}],"curies":[{"name":"wp","href":"https:\/\/api.w.org\/{rel}","templated":true}]}}