{"id":153,"date":"2017-07-18T13:09:35","date_gmt":"2017-07-18T11:09:35","guid":{"rendered":"https:\/\/www.biewer-optik.de\/wp\/?page_id=153"},"modified":"2017-07-19T18:49:47","modified_gmt":"2017-07-19T16:49:47","slug":"brillenanfertigung-und-reparatur","status":"publish","type":"page","link":"https:\/\/www.biewer-optik.de\/index.php\/brillenanfertigung-und-reparatur\/","title":{"rendered":"Brillenanfertigung und Reparatur"},"content":{"rendered":"<p><img loading=\"lazy\" decoding=\"async\" src=\"https:\/\/www.biewer-optik.de\/wp-content\/uploads\/head-reparatur.jpg\" alt=\"\" width=\"2000\" height=\"500\" class=\"alignnone size-full wp-image-154\" srcset=\"https:\/\/www.biewer-optik.de\/wp-content\/uploads\/head-reparatur.jpg 2000w, https:\/\/www.biewer-optik.de\/wp-content\/uploads\/head-reparatur-300x75.jpg 300w, https:\/\/www.biewer-optik.de\/wp-content\/uploads\/head-reparatur-768x192.jpg 768w, https:\/\/www.biewer-optik.de\/wp-content\/uploads\/head-reparatur-1024x256.jpg 1024w\" sizes=\"auto, (max-width: 2000px) 100vw, 2000px\" \/><\/p>\n<div class=\"point\">\n<div class=\"point-two-third\">\n<p>In unserer hauseigenen Meisterwerkstatt f\u00fchren wir alle Neuanfertigungen und Reparaturen schnellstm\u00f6glich durch. Dazu geh\u00f6ren nachfplgende T\u00e4tigkeiten:<\/p>\n<ul>\n<li>Schleifen der Brillengl\u00e4ser auf CNC Schleifmaschinen<\/li>\n<li>Hydrozon-Hartl\u00f6tungen<\/li>\n<li>elektrische Hartl\u00f6tungen<\/li>\n<li>Scharniere ersetzen<\/li>\n<li>Lackierungen<\/li>\n<li>Vernieten<\/li>\n<li>Schrauben ersetzen<\/li>\n<li>Ausrichten der Brillenfassungen<\/li>\n<li>Schutzlackbeschichtungen<\/li>\n<li>Korrosionsschutz<\/li>\n<li>Anti-Allergiebeschichtung<\/li>\n<li>Lackentfernung<\/li>\n<li>Vergolden und Versilbern<\/li>\n<li>Rhodinieren<\/li>\n<li>Ultraschallreinigen<\/li>\n<li>Nasenstege ersetzen u.v.m.<\/li>\n<\/ul>\n<p>Lassen Sie Ihre neue Brille bitte regelm\u00e4\u00dfig von uns pr\u00fcfen. Wir sehen sofort, wenn etwas nicht in Ordnung ist oder die Brille nicht mehr richtig sitzt. Und wir f\u00fchren kleine Serviceleistungen in der Regel sofort durch.<\/p>\n<p>Mit einem Wort:<br \/>\nBei uns ist Ihre Brille immer in den besten H\u00e4nden.<\/p>\n<\/div>\n<div class=\"point-one-third\">\n<\/div>\n<\/div>\n<p>&nbsp;<\/p>\n","protected":false},"excerpt":{"rendered":"<p>In unserer hauseigenen Meisterwerkstatt f\u00fchren wir alle Neuanfertigungen und Reparaturen schnellstm\u00f6glich durch. Dazu geh\u00f6ren nachfplgende T\u00e4tigkeiten: Schleifen der Brillengl\u00e4ser auf CNC Schleifmaschinen Hydrozon-Hartl\u00f6tungen elektrische Hartl\u00f6tungen Scharniere ersetzen Lackierungen Vernieten Schrauben ersetzen Ausrichten der Brillenfassungen Schutzlackbeschichtungen Korrosionsschutz Anti-Allergiebeschichtung Lackentfernung Vergolden und<\/p>\n","protected":false},"author":1,"featured_media":156,"parent":0,"menu_order":0,"comment_status":"closed","ping_status":"closed","template":"","meta":{"footnotes":""},"class_list":["post-153","page","type-page","status-publish","has-post-thumbnail","hentry"],"_links":{"self":[{"href":"https:\/\/www.biewer-optik.de\/index.php\/wp-json\/wp\/v2\/pages\/153","targetHints":{"allow":["GET"]}}],"collection":[{"href":"https:\/\/www.biewer-optik.de\/index.php\/wp-json\/wp\/v2\/pages"}],"about":[{"href":"https:\/\/www.biewer-optik.de\/index.php\/wp-json\/wp\/v2\/types\/page"}],"author":[{"embeddable":true,"href":"https:\/\/www.biewer-optik.de\/index.php\/wp-json\/wp\/v2\/users\/1"}],"replies":[{"embeddable":true,"href":"https:\/\/www.biewer-optik.de\/index.php\/wp-json\/wp\/v2\/comments?post=153"}],"version-history":[{"count":4,"href":"https:\/\/www.biewer-optik.de\/index.php\/wp-json\/wp\/v2\/pages\/153\/revisions"}],"predecessor-version":[{"id":284,"href":"https:\/\/www.biewer-optik.de\/index.php\/wp-json\/wp\/v2\/pages\/153\/revisions\/284"}],"wp:featuredmedia":[{"embeddable":true,"href":"https:\/\/www.biewer-optik.de\/index.php\/wp-json\/wp\/v2\/media\/156"}],"wp:attachment":[{"href":"https:\/\/www.biewer-optik.de\/index.php\/wp-json\/wp\/v2\/media?parent=153"}],"curies":[{"name":"wp","href":"https:\/\/api.w.org\/{rel}","templated":true}]}}