{"id":144,"date":"2017-07-18T13:07:08","date_gmt":"2017-07-18T11:07:08","guid":{"rendered":"https:\/\/www.biewer-optik.de\/wp\/?page_id=144"},"modified":"2017-08-09T19:37:36","modified_gmt":"2017-08-09T17:37:36","slug":"augenglasbestimmung","status":"publish","type":"page","link":"https:\/\/www.biewer-optik.de\/index.php\/augenglasbestimmung\/","title":{"rendered":"Augenglasbestimmung"},"content":{"rendered":"<p><img loading=\"lazy\" decoding=\"async\" class=\"alignnone size-full wp-image-149\" src=\"https:\/\/www.biewer-optik.de\/wp-content\/uploads\/head-augenglasbestimmung.jpg\" alt=\"\" width=\"2000\" height=\"500\" srcset=\"https:\/\/www.biewer-optik.de\/wp-content\/uploads\/head-augenglasbestimmung.jpg 2000w, https:\/\/www.biewer-optik.de\/wp-content\/uploads\/head-augenglasbestimmung-300x75.jpg 300w, https:\/\/www.biewer-optik.de\/wp-content\/uploads\/head-augenglasbestimmung-768x192.jpg 768w, https:\/\/www.biewer-optik.de\/wp-content\/uploads\/head-augenglasbestimmung-1024x256.jpg 1024w\" sizes=\"auto, (max-width: 2000px) 100vw, 2000px\" \/><\/p>\n<div class=\"point\">\n<div class=\"point-two-third\">\n<p>Individuelle Refraktionen f\u00fcr alle Fehlsichtigkeiten werden in unserem Hause vom Augenoptikermeister durchgef\u00fchrt.<\/p>\n<p>Wir sind amtlich anerkannte Sehteststelle und stellen F\u00fchrerscheinsehtest gem\u00e4\u00df \u00a7 12 Abs. 2 Fahrerlaubnis &#8211; Verordnung zum Erwerb der Klassen AM, A1, A2, A, B, BE, M, L oder T aus.<\/p>\n<p>Eine \u00dcbersicht der h\u00e4ufigsten Fehlsichtigkeiten finden Sie in den PDF-Dokumenten:<\/p>\n<p><a href=\"https:\/\/www.biewer-optik.de\/wp-content\/uploads\/sehfehler.pdf\" target=\"_blank\" rel=\"noopener\">Sehfehler (53 KB)<\/a><\/p>\n<p><a href=\"https:\/\/www.biewer-optik.de\/wp-content\/uploads\/astigmatismus.pdf\" target=\"_blank\" rel=\"noopener\">Astigmatismus (16 KB)<\/a><\/p>\n<\/div>\n<div class=\"point-one-third\"><\/div>\n<\/div>\n<p>&nbsp;<\/p>\n","protected":false},"excerpt":{"rendered":"<p>Individuelle Refraktionen f\u00fcr alle Fehlsichtigkeiten werden in unserem Hause vom Augenoptikermeister durchgef\u00fchrt. Wir sind amtlich anerkannte Sehteststelle und stellen F\u00fchrerscheinsehtest gem\u00e4\u00df \u00a7 12 Abs. 2 Fahrerlaubnis &#8211; Verordnung zum Erwerb der Klassen AM, A1, A2, A, B, BE, M, L<\/p>\n","protected":false},"author":1,"featured_media":148,"parent":0,"menu_order":0,"comment_status":"closed","ping_status":"closed","template":"","meta":{"footnotes":""},"class_list":["post-144","page","type-page","status-publish","has-post-thumbnail","hentry"],"_links":{"self":[{"href":"https:\/\/www.biewer-optik.de\/index.php\/wp-json\/wp\/v2\/pages\/144","targetHints":{"allow":["GET"]}}],"collection":[{"href":"https:\/\/www.biewer-optik.de\/index.php\/wp-json\/wp\/v2\/pages"}],"about":[{"href":"https:\/\/www.biewer-optik.de\/index.php\/wp-json\/wp\/v2\/types\/page"}],"author":[{"embeddable":true,"href":"https:\/\/www.biewer-optik.de\/index.php\/wp-json\/wp\/v2\/users\/1"}],"replies":[{"embeddable":true,"href":"https:\/\/www.biewer-optik.de\/index.php\/wp-json\/wp\/v2\/comments?post=144"}],"version-history":[{"count":4,"href":"https:\/\/www.biewer-optik.de\/index.php\/wp-json\/wp\/v2\/pages\/144\/revisions"}],"predecessor-version":[{"id":409,"href":"https:\/\/www.biewer-optik.de\/index.php\/wp-json\/wp\/v2\/pages\/144\/revisions\/409"}],"wp:featuredmedia":[{"embeddable":true,"href":"https:\/\/www.biewer-optik.de\/index.php\/wp-json\/wp\/v2\/media\/148"}],"wp:attachment":[{"href":"https:\/\/www.biewer-optik.de\/index.php\/wp-json\/wp\/v2\/media?parent=144"}],"curies":[{"name":"wp","href":"https:\/\/api.w.org\/{rel}","templated":true}]}}