{"id":126,"date":"2017-07-18T12:45:58","date_gmt":"2017-07-18T10:45:58","guid":{"rendered":"https:\/\/www.biewer-optik.de\/wp\/?page_id=126"},"modified":"2023-03-07T11:29:01","modified_gmt":"2023-03-07T10:29:01","slug":"sehhilfen","status":"publish","type":"page","link":"https:\/\/www.biewer-optik.de\/index.php\/sehhilfen\/","title":{"rendered":"Sehhilfen"},"content":{"rendered":"<p><img loading=\"lazy\" decoding=\"async\" class=\"alignnone size-full wp-image-127\" src=\"https:\/\/www.biewer-optik.de\/wp-content\/uploads\/head-sehhilfen.jpg\" alt=\"\" width=\"2000\" height=\"500\" srcset=\"https:\/\/www.biewer-optik.de\/wp-content\/uploads\/head-sehhilfen.jpg 2000w, https:\/\/www.biewer-optik.de\/wp-content\/uploads\/head-sehhilfen-300x75.jpg 300w, https:\/\/www.biewer-optik.de\/wp-content\/uploads\/head-sehhilfen-768x192.jpg 768w, https:\/\/www.biewer-optik.de\/wp-content\/uploads\/head-sehhilfen-1024x256.jpg 1024w\" sizes=\"auto, (max-width: 2000px) 100vw, 2000px\" \/><\/p>\n<div class=\"point\">\n<div class=\"point-two-third\">Bei uns finden Sie eine gro\u00dfe Auswahl an Fertig-Lesehilfen schon zu g\u00fcnstigen Preisen. Nat\u00fcrlich \u00fcbernehmen wir auch die individuelle Anfertigung von Lesebrillen in allen Glasst\u00e4rken.Wie fertigen individuelle mono- und binokularen Lupenbrillen, Kopflupen, Lupenbrillen, Fernrohr-Lupenbrillen mit Galilei- und Kepler Systemen und Prismen. Hierbei verwenden wir ausschlie\u00dflich Systeme der Firmen: Carl Zeiss, Eschenbach und Schweizer Optik.<\/p>\n<\/div>\n<div class=\"point-one-third\">\n<h3 style=\"border-bottom: 2px solid #a89165;\">Lesebrillen, Sehhilfen<\/h3>\n<div id='gallery-1' class='gallery galleryid-126 gallery-columns-3 gallery-size-medium'><figure class='gallery-item'>\n\t\t\t<div class='gallery-icon landscape'>\n\t\t\t\t<a href='https:\/\/www.biewer-optik.de\/wp-content\/uploads\/sehhilfen.jpg'><img loading=\"lazy\" decoding=\"async\" width=\"300\" height=\"191\" src=\"https:\/\/www.biewer-optik.de\/wp-content\/uploads\/sehhilfen-300x191.jpg\" class=\"attachment-medium size-medium\" alt=\"\" srcset=\"https:\/\/www.biewer-optik.de\/wp-content\/uploads\/sehhilfen-300x191.jpg 300w, https:\/\/www.biewer-optik.de\/wp-content\/uploads\/sehhilfen-768x489.jpg 768w, https:\/\/www.biewer-optik.de\/wp-content\/uploads\/sehhilfen.jpg 935w\" sizes=\"auto, (max-width: 300px) 100vw, 300px\" \/><\/a>\n\t\t\t<\/div><\/figure><figure class='gallery-item'>\n\t\t\t<div class='gallery-icon landscape'>\n\t\t\t\t<a href='https:\/\/www.biewer-optik.de\/wp-content\/uploads\/sehhilfen3.jpg'><img loading=\"lazy\" decoding=\"async\" width=\"300\" height=\"191\" src=\"https:\/\/www.biewer-optik.de\/wp-content\/uploads\/sehhilfen3-300x191.jpg\" class=\"attachment-medium size-medium\" alt=\"\" srcset=\"https:\/\/www.biewer-optik.de\/wp-content\/uploads\/sehhilfen3-300x191.jpg 300w, https:\/\/www.biewer-optik.de\/wp-content\/uploads\/sehhilfen3-768x489.jpg 768w, https:\/\/www.biewer-optik.de\/wp-content\/uploads\/sehhilfen3.jpg 935w\" sizes=\"auto, (max-width: 300px) 100vw, 300px\" \/><\/a>\n\t\t\t<\/div><\/figure><figure class='gallery-item'>\n\t\t\t<div class='gallery-icon landscape'>\n\t\t\t\t<a href='https:\/\/www.biewer-optik.de\/wp-content\/uploads\/sehhilfen2.jpg'><img loading=\"lazy\" decoding=\"async\" width=\"300\" height=\"191\" src=\"https:\/\/www.biewer-optik.de\/wp-content\/uploads\/sehhilfen2-300x191.jpg\" class=\"attachment-medium size-medium\" alt=\"\" srcset=\"https:\/\/www.biewer-optik.de\/wp-content\/uploads\/sehhilfen2-300x191.jpg 300w, https:\/\/www.biewer-optik.de\/wp-content\/uploads\/sehhilfen2-768x489.jpg 768w, https:\/\/www.biewer-optik.de\/wp-content\/uploads\/sehhilfen2.jpg 935w\" sizes=\"auto, (max-width: 300px) 100vw, 300px\" \/><\/a>\n\t\t\t<\/div><\/figure><figure class='gallery-item'>\n\t\t\t<div class='gallery-icon landscape'>\n\t\t\t\t<a href='https:\/\/www.biewer-optik.de\/wp-content\/uploads\/sehhilfen1.jpg'><img loading=\"lazy\" decoding=\"async\" width=\"300\" height=\"191\" src=\"https:\/\/www.biewer-optik.de\/wp-content\/uploads\/sehhilfen1-300x191.jpg\" class=\"attachment-medium size-medium\" alt=\"\" srcset=\"https:\/\/www.biewer-optik.de\/wp-content\/uploads\/sehhilfen1-300x191.jpg 300w, https:\/\/www.biewer-optik.de\/wp-content\/uploads\/sehhilfen1-768x489.jpg 768w, https:\/\/www.biewer-optik.de\/wp-content\/uploads\/sehhilfen1.jpg 935w\" sizes=\"auto, (max-width: 300px) 100vw, 300px\" \/><\/a>\n\t\t\t<\/div><\/figure>\n\t\t<\/div>\n\n<\/div>\n<\/div>\n<p>&nbsp;<\/p>\n","protected":false},"excerpt":{"rendered":"<p>Bei uns finden Sie eine gro\u00dfe Auswahl an Fertig-Lesehilfen schon zu g\u00fcnstigen Preisen. Nat\u00fcrlich \u00fcbernehmen wir auch die individuelle Anfertigung von Lesebrillen in allen Glasst\u00e4rken.Wie fertigen individuelle mono- und binokularen Lupenbrillen, Kopflupen, Lupenbrillen, Fernrohr-Lupenbrillen mit Galilei- und Kepler Systemen und<\/p>\n","protected":false},"author":1,"featured_media":128,"parent":0,"menu_order":0,"comment_status":"closed","ping_status":"closed","template":"","meta":{"footnotes":""},"class_list":["post-126","page","type-page","status-publish","has-post-thumbnail","hentry"],"_links":{"self":[{"href":"https:\/\/www.biewer-optik.de\/index.php\/wp-json\/wp\/v2\/pages\/126","targetHints":{"allow":["GET"]}}],"collection":[{"href":"https:\/\/www.biewer-optik.de\/index.php\/wp-json\/wp\/v2\/pages"}],"about":[{"href":"https:\/\/www.biewer-optik.de\/index.php\/wp-json\/wp\/v2\/types\/page"}],"author":[{"embeddable":true,"href":"https:\/\/www.biewer-optik.de\/index.php\/wp-json\/wp\/v2\/users\/1"}],"replies":[{"embeddable":true,"href":"https:\/\/www.biewer-optik.de\/index.php\/wp-json\/wp\/v2\/comments?post=126"}],"version-history":[{"count":4,"href":"https:\/\/www.biewer-optik.de\/index.php\/wp-json\/wp\/v2\/pages\/126\/revisions"}],"predecessor-version":[{"id":456,"href":"https:\/\/www.biewer-optik.de\/index.php\/wp-json\/wp\/v2\/pages\/126\/revisions\/456"}],"wp:featuredmedia":[{"embeddable":true,"href":"https:\/\/www.biewer-optik.de\/index.php\/wp-json\/wp\/v2\/media\/128"}],"wp:attachment":[{"href":"https:\/\/www.biewer-optik.de\/index.php\/wp-json\/wp\/v2\/media?parent=126"}],"curies":[{"name":"wp","href":"https:\/\/api.w.org\/{rel}","templated":true}]}}