{"id":114,"date":"2017-07-18T12:40:49","date_gmt":"2017-07-18T10:40:49","guid":{"rendered":"https:\/\/www.biewer-optik.de\/wp\/?page_id=114"},"modified":"2017-07-28T14:13:11","modified_gmt":"2017-07-28T12:13:11","slug":"kontaktlinsen","status":"publish","type":"page","link":"https:\/\/www.biewer-optik.de\/index.php\/kontaktlinsen\/","title":{"rendered":"Kontaktlinsen"},"content":{"rendered":"<p><img loading=\"lazy\" decoding=\"async\" class=\"alignnone size-full wp-image-115\" src=\"https:\/\/www.biewer-optik.de\/wp-content\/uploads\/head-kontaktlinsen.jpg\" alt=\"\" width=\"2000\" height=\"500\" srcset=\"https:\/\/www.biewer-optik.de\/wp-content\/uploads\/head-kontaktlinsen.jpg 2000w, https:\/\/www.biewer-optik.de\/wp-content\/uploads\/head-kontaktlinsen-300x75.jpg 300w, https:\/\/www.biewer-optik.de\/wp-content\/uploads\/head-kontaktlinsen-768x192.jpg 768w, https:\/\/www.biewer-optik.de\/wp-content\/uploads\/head-kontaktlinsen-1024x256.jpg 1024w\" sizes=\"auto, (max-width: 2000px) 100vw, 2000px\" \/><\/p>\n<div class=\"point\">\n<div class=\"point-two-third\">\n<p>Bei Augenoptik Biewer sind Sie gut aufgehoben, wenn es um Kontaktlinsen geht. Er hat ein offenes Ohr f\u00fcr Ihre W\u00fcnsche, Fragen oder Probleme. Und niemand betreut Sie kompetenter. Wir passen individuell harte &#8211; weiche &#8211; Multifokale &#8211; Austausch &#8211; und Farblinsen an.<\/p>\n<p>Wir arbeiten mit marktf\u00fchrenden Produzenten zusammen.<br \/>\nz. B. Alcon, W\u00f6hlk-Zeiss, Johnson &amp; Johnson, Cooper Vision, Ciba Vision, Bausch &amp; Lomb, Wesley Jessen, Ocular Sciences, Techno-Lens<\/p>\n<p>Augenoptik Biewer steht in st\u00e4ndigem Informationsaustausch mit den Kontaktlinsen- und Pflegemittelherstellern. Auf diese Weise flie\u00dfen seine Erfahrungen bei der Anpassung in Forschung und Produktinnovationen ein. Gleichzeitig kann Ihnen Augenoptik Biewer immer die neuesten Produkte und Informationen bieten &#8211; und f\u00fcr Sie den Tragekomfort f\u00fcr Ihre Kontaktlinsen noch bequemer machen.<\/p>\n<p>Vertrauen Sie der Erfahrung Ihres Kontaktlinsenspezialisten. Es zahlt sich aus!<br \/>\n[accordions id=&#8220;362&#8243;]\n<\/p><\/div>\n<div class=\"point-one-third\">\n<h3 style=\"border-bottom: 2px solid #a89165;\">Kontaktlinsen &#8211; Das m\u00fcssen Sie wissen<\/h3>\n<p><img loading=\"lazy\" decoding=\"async\" class=\"alignnone size-full wp-image-356\" src=\"https:\/\/www.biewer-optik.de\/wp-content\/uploads\/brillenglas-perl.jpg\" alt=\"\" width=\"935\" height=\"595\" srcset=\"https:\/\/www.biewer-optik.de\/wp-content\/uploads\/brillenglas-perl.jpg 935w, https:\/\/www.biewer-optik.de\/wp-content\/uploads\/brillenglas-perl-300x191.jpg 300w, https:\/\/www.biewer-optik.de\/wp-content\/uploads\/brillenglas-perl-768x489.jpg 768w\" sizes=\"auto, (max-width: 935px) 100vw, 935px\" \/><\/p>\n<h6>Kontaktlinsen<\/h6>\n<p>Kontaktlinsen sind so individuell wie Ihre Augen. Sie sorgen f\u00fcr Ihr nat\u00fcrliches Aussehen und f\u00fcr absolute Bewegungsfreiheit im Sport, in der Freizeit und im Alltag. Mit Kontaktlinsen sehen Sie einfach besser und so komfortabel, dass Sie Ihre Sehhilfen w\u00e4hrend des Tragens so gut wie \u00fcberhaupt nicht sp\u00fcren. Sie sind ein Teil von Ihnen, sie machen Ihr Leben aktiver, freier, angenehmer. Entscheidend f\u00fcr dauerhaft erfolgreiches Kontaktlinsentragen ist aber nicht die Linse allein. Tragekomfort und Sehsch\u00e4rfe h\u00e4ngen von vielen verschiedenen Faktoren ab.<br \/>\nWir bieten Ihnen deshalb neben Ihren individuellen Kontaktlinsen einen ganz pers\u00f6nlichen Service, der von der Beratung \u00fcber die Anpassung bis hin zur Nachbetreuung reicht. Erst durch den umfassenden Service k\u00f6nnen Ihre Kontaktlinsen tagt\u00e4glich das leisten, was Sie von ihnen erwarten. Das sollten Sie bedenken, wenn Sie die Kosten f\u00fcr Kontaktlinsen vergleichen.<\/p>\n<h6>Vertrauen. Damit Sie lange Freude an Ihren Kontaktlinsen haben.<\/h6>\n<p>Am Anfang steht immer ein Gespr\u00e4ch, in dem wir mit Ihnen \u00fcber Ihre Erfahrungen mit dem Kontaktlinsentragen unterhalten. Dann folgt eine gr\u00fcndliche Inspektion Ihrer Kontaktlinsen und Ihrer Augen. Falls sich Ihre Sehst\u00e4rke seit der letzten Nachkontrolle ge\u00e4ndert hat, werdne die Werte der Linsen angepasst. Durch diese Untersuchungen wird gew\u00e4hrleistet, dass Sie Ihre Kontaktlinsen auch auf Dauer hervorragend vertragen.<\/p>\n<h6>\u00dcbrigens:<\/h6>\n<p>Auch wenn Sie mal eine Kontaktlinse verwechselt oder Vertr\u00e4glichkeitsprobleme haben, k\u00f6nnen Sie selbstverst\u00e4ndlich jederzeit vorbeikommen!<br \/>\nUnser pers\u00f6nliche Service gibt Ihnen ein gutes Gef\u00fchl und die Sicherheit, das Beste f\u00fcr Ihre Augen zu tun.\n<\/p><\/div>\n<\/div>\n","protected":false},"excerpt":{"rendered":"<p>Bei Augenoptik Biewer sind Sie gut aufgehoben, wenn es um Kontaktlinsen geht. Er hat ein offenes Ohr f\u00fcr Ihre W\u00fcnsche, Fragen oder Probleme. Und niemand betreut Sie kompetenter. Wir passen individuell harte &#8211; weiche &#8211; Multifokale &#8211; Austausch &#8211; und<\/p>\n","protected":false},"author":1,"featured_media":132,"parent":0,"menu_order":0,"comment_status":"closed","ping_status":"closed","template":"","meta":{"footnotes":""},"class_list":["post-114","page","type-page","status-publish","has-post-thumbnail","hentry"],"_links":{"self":[{"href":"https:\/\/www.biewer-optik.de\/index.php\/wp-json\/wp\/v2\/pages\/114","targetHints":{"allow":["GET"]}}],"collection":[{"href":"https:\/\/www.biewer-optik.de\/index.php\/wp-json\/wp\/v2\/pages"}],"about":[{"href":"https:\/\/www.biewer-optik.de\/index.php\/wp-json\/wp\/v2\/types\/page"}],"author":[{"embeddable":true,"href":"https:\/\/www.biewer-optik.de\/index.php\/wp-json\/wp\/v2\/users\/1"}],"replies":[{"embeddable":true,"href":"https:\/\/www.biewer-optik.de\/index.php\/wp-json\/wp\/v2\/comments?post=114"}],"version-history":[{"count":15,"href":"https:\/\/www.biewer-optik.de\/index.php\/wp-json\/wp\/v2\/pages\/114\/revisions"}],"predecessor-version":[{"id":364,"href":"https:\/\/www.biewer-optik.de\/index.php\/wp-json\/wp\/v2\/pages\/114\/revisions\/364"}],"wp:featuredmedia":[{"embeddable":true,"href":"https:\/\/www.biewer-optik.de\/index.php\/wp-json\/wp\/v2\/media\/132"}],"wp:attachment":[{"href":"https:\/\/www.biewer-optik.de\/index.php\/wp-json\/wp\/v2\/media?parent=114"}],"curies":[{"name":"wp","href":"https:\/\/api.w.org\/{rel}","templated":true}]}}