{"id":108,"date":"2017-07-18T12:38:38","date_gmt":"2017-07-18T10:38:38","guid":{"rendered":"https:\/\/www.biewer-optik.de\/wp\/?page_id=108"},"modified":"2017-08-09T19:34:34","modified_gmt":"2017-08-09T17:34:34","slug":"brillenglaeser-2","status":"publish","type":"page","link":"https:\/\/www.biewer-optik.de\/index.php\/brillenglaeser-2\/","title":{"rendered":"Brillengl\u00e4ser"},"content":{"rendered":"<p><img loading=\"lazy\" decoding=\"async\" class=\"alignnone size-full wp-image-109\" src=\"https:\/\/www.biewer-optik.de\/wp-content\/uploads\/head-brillenglaeser.jpg\" alt=\"\" width=\"2000\" height=\"500\" srcset=\"https:\/\/www.biewer-optik.de\/wp-content\/uploads\/head-brillenglaeser.jpg 2000w, https:\/\/www.biewer-optik.de\/wp-content\/uploads\/head-brillenglaeser-300x75.jpg 300w, https:\/\/www.biewer-optik.de\/wp-content\/uploads\/head-brillenglaeser-768x192.jpg 768w, https:\/\/www.biewer-optik.de\/wp-content\/uploads\/head-brillenglaeser-1024x256.jpg 1024w\" sizes=\"auto, (max-width: 2000px) 100vw, 2000px\" \/><\/p>\n<div class=\"point\">\n<div class=\"point-two-third\">\n<p>Mit Gleitsichtgl\u00e4sern von Augenoptik Biewer gehen sie auf Nummer sicher. F\u00fcr drei Monate ab dem Kauf verf\u00fcgen Sie \u00fcber eine Vertr\u00e4glichkeitsgarantie. Sollten Sie sich nach drei Monaten noch nicht vollst\u00e4ndig an Ihre neuen Gleitsichtgl\u00e4ser gew\u00f6hnt haben, bekommen Sie von Augenoptik Biewer kostenlos andere, gleichwertige Gl\u00e4ser mit denselben Korrektionswerten. In diesem Fall wenden Sie sich bitte an uns. Beim Umtausch in Zweist\u00e4rkengl\u00e4ser besteht allerdings kein Anspruch auf Wertausgleich. Bei allen neuen Kunstoffgl\u00e4sern von Augenoptik Biewer sind Ihre Augen \u00fcbrigens automatisch bestens gegen UVA-und UVB-Strahlen gesch\u00fctzt.<\/p>\n<p>Wir arbeiten mit f\u00fchrenden Brillenglasherstellern zusammen und k\u00f6nnen den stetigen Fortschritt der Produkte an Sie weitergeben. Neben dem urspr\u00fcnglichen Werkstoff Glas geht der Trend weiter zu immer leichteren Kunststoffgl\u00e4sern, die Sie in gro\u00dfer Auswahl bei uns finden.<\/p>\n<p>Wir arbeiten mit marktf\u00fchrenden Brillenglas-Produzenten zusammen.<br \/>\nz. B. Rupp + Hubrach, Rodenstock, Carl Zeiss, Essilor, Hoya<\/p>\n<\/div>\n<div class=\"point-one-third\"><\/div>\n<\/div>\n<p>&nbsp;<\/p>\n","protected":false},"excerpt":{"rendered":"<p>Mit Gleitsichtgl\u00e4sern von Augenoptik Biewer gehen sie auf Nummer sicher. F\u00fcr drei Monate ab dem Kauf verf\u00fcgen Sie \u00fcber eine Vertr\u00e4glichkeitsgarantie. Sollten Sie sich nach drei Monaten noch nicht vollst\u00e4ndig an Ihre neuen Gleitsichtgl\u00e4ser gew\u00f6hnt haben, bekommen Sie von Augenoptik<\/p>\n","protected":false},"author":1,"featured_media":133,"parent":0,"menu_order":0,"comment_status":"closed","ping_status":"closed","template":"","meta":{"footnotes":""},"class_list":["post-108","page","type-page","status-publish","has-post-thumbnail","hentry"],"_links":{"self":[{"href":"https:\/\/www.biewer-optik.de\/index.php\/wp-json\/wp\/v2\/pages\/108","targetHints":{"allow":["GET"]}}],"collection":[{"href":"https:\/\/www.biewer-optik.de\/index.php\/wp-json\/wp\/v2\/pages"}],"about":[{"href":"https:\/\/www.biewer-optik.de\/index.php\/wp-json\/wp\/v2\/types\/page"}],"author":[{"embeddable":true,"href":"https:\/\/www.biewer-optik.de\/index.php\/wp-json\/wp\/v2\/users\/1"}],"replies":[{"embeddable":true,"href":"https:\/\/www.biewer-optik.de\/index.php\/wp-json\/wp\/v2\/comments?post=108"}],"version-history":[{"count":5,"href":"https:\/\/www.biewer-optik.de\/index.php\/wp-json\/wp\/v2\/pages\/108\/revisions"}],"predecessor-version":[{"id":407,"href":"https:\/\/www.biewer-optik.de\/index.php\/wp-json\/wp\/v2\/pages\/108\/revisions\/407"}],"wp:featuredmedia":[{"embeddable":true,"href":"https:\/\/www.biewer-optik.de\/index.php\/wp-json\/wp\/v2\/media\/133"}],"wp:attachment":[{"href":"https:\/\/www.biewer-optik.de\/index.php\/wp-json\/wp\/v2\/media?parent=108"}],"curies":[{"name":"wp","href":"https:\/\/api.w.org\/{rel}","templated":true}]}}