{"id":102,"date":"2017-07-18T12:35:24","date_gmt":"2017-07-18T10:35:24","guid":{"rendered":"https:\/\/www.biewer-optik.de\/wp\/?page_id=102"},"modified":"2023-03-07T11:29:37","modified_gmt":"2023-03-07T10:29:37","slug":"sonnenbrillen","status":"publish","type":"page","link":"https:\/\/www.biewer-optik.de\/index.php\/sonnenbrillen\/","title":{"rendered":"Sonnenbrillen"},"content":{"rendered":"<p><img loading=\"lazy\" decoding=\"async\" class=\"alignnone size-full wp-image-103\" src=\"https:\/\/www.biewer-optik.de\/wp-content\/uploads\/head-sonnenbrillen.jpg\" alt=\"\" width=\"2000\" height=\"500\" srcset=\"https:\/\/www.biewer-optik.de\/wp-content\/uploads\/head-sonnenbrillen.jpg 2000w, https:\/\/www.biewer-optik.de\/wp-content\/uploads\/head-sonnenbrillen-300x75.jpg 300w, https:\/\/www.biewer-optik.de\/wp-content\/uploads\/head-sonnenbrillen-768x192.jpg 768w, https:\/\/www.biewer-optik.de\/wp-content\/uploads\/head-sonnenbrillen-1024x256.jpg 1024w\" sizes=\"auto, (max-width: 2000px) 100vw, 2000px\" \/><\/p>\n<div class=\"point\">\n<div class=\"point-two-third\">\n<p>Sonnenbrillen sehen nicht nur cool und trendy aus, Sie sch\u00fctzen und entlasten das Auge auch bei intensiver Sonneneinstrahlung. Wir bieten Ihnen Sonnengl\u00e4ser in Ihrer Sehst\u00e4rke an. W\u00e4hlen Sie unter den reichhaltigen Modellen f\u00fchrender Marken:<\/p>\n<ul>\n<li>Adidas<\/li>\n<li>Bruno Banani<\/li>\n<li>Calvin Klein<\/li>\n<li>Carrera<\/li>\n<li>Eschenbach<\/li>\n<li>Marccain<\/li>\n<li>Morrisson<\/li>\n<li>Oakley<\/li>\n<li>Ray Ban<\/li>\n<li>Rodenstock<\/li>\n<li>Tommy Hilfiger<\/li>\n<li>und andere<\/li>\n<\/ul>\n<\/div>\n<div class=\"point-one-third\">\n<h3 style=\"border-bottom: 2px solid #a89165;\">Sonnenbrillen<\/h3>\n<div id='gallery-1' class='gallery galleryid-102 gallery-columns-3 gallery-size-medium'><figure class='gallery-item'>\n\t\t\t<div class='gallery-icon landscape'>\n\t\t\t\t<a href='https:\/\/www.biewer-optik.de\/wp-content\/uploads\/sonnenbrille-adidas1.jpg'><img loading=\"lazy\" decoding=\"async\" width=\"300\" height=\"191\" src=\"https:\/\/www.biewer-optik.de\/wp-content\/uploads\/sonnenbrille-adidas1-300x191.jpg\" class=\"attachment-medium size-medium\" alt=\"\" srcset=\"https:\/\/www.biewer-optik.de\/wp-content\/uploads\/sonnenbrille-adidas1-300x191.jpg 300w, https:\/\/www.biewer-optik.de\/wp-content\/uploads\/sonnenbrille-adidas1-768x489.jpg 768w, https:\/\/www.biewer-optik.de\/wp-content\/uploads\/sonnenbrille-adidas1.jpg 935w\" sizes=\"auto, (max-width: 300px) 100vw, 300px\" \/><\/a>\n\t\t\t<\/div><\/figure><figure class='gallery-item'>\n\t\t\t<div class='gallery-icon landscape'>\n\t\t\t\t<a href='https:\/\/www.biewer-optik.de\/wp-content\/uploads\/sonnenbrille-adidas8.jpg'><img loading=\"lazy\" decoding=\"async\" width=\"300\" height=\"191\" src=\"https:\/\/www.biewer-optik.de\/wp-content\/uploads\/sonnenbrille-adidas8-300x191.jpg\" class=\"attachment-medium size-medium\" alt=\"\" srcset=\"https:\/\/www.biewer-optik.de\/wp-content\/uploads\/sonnenbrille-adidas8-300x191.jpg 300w, https:\/\/www.biewer-optik.de\/wp-content\/uploads\/sonnenbrille-adidas8-768x489.jpg 768w, https:\/\/www.biewer-optik.de\/wp-content\/uploads\/sonnenbrille-adidas8.jpg 935w\" sizes=\"auto, (max-width: 300px) 100vw, 300px\" \/><\/a>\n\t\t\t<\/div><\/figure><figure class='gallery-item'>\n\t\t\t<div class='gallery-icon landscape'>\n\t\t\t\t<a href='https:\/\/www.biewer-optik.de\/wp-content\/uploads\/sonnenbrille-adidas7.jpg'><img loading=\"lazy\" decoding=\"async\" width=\"300\" height=\"191\" src=\"https:\/\/www.biewer-optik.de\/wp-content\/uploads\/sonnenbrille-adidas7-300x191.jpg\" class=\"attachment-medium size-medium\" alt=\"\" srcset=\"https:\/\/www.biewer-optik.de\/wp-content\/uploads\/sonnenbrille-adidas7-300x191.jpg 300w, https:\/\/www.biewer-optik.de\/wp-content\/uploads\/sonnenbrille-adidas7-768x489.jpg 768w, https:\/\/www.biewer-optik.de\/wp-content\/uploads\/sonnenbrille-adidas7.jpg 935w\" sizes=\"auto, (max-width: 300px) 100vw, 300px\" \/><\/a>\n\t\t\t<\/div><\/figure><figure class='gallery-item'>\n\t\t\t<div class='gallery-icon landscape'>\n\t\t\t\t<a href='https:\/\/www.biewer-optik.de\/wp-content\/uploads\/sonnenbrille-adidas6.jpg'><img loading=\"lazy\" decoding=\"async\" width=\"300\" height=\"191\" src=\"https:\/\/www.biewer-optik.de\/wp-content\/uploads\/sonnenbrille-adidas6-300x191.jpg\" class=\"attachment-medium size-medium\" alt=\"\" srcset=\"https:\/\/www.biewer-optik.de\/wp-content\/uploads\/sonnenbrille-adidas6-300x191.jpg 300w, https:\/\/www.biewer-optik.de\/wp-content\/uploads\/sonnenbrille-adidas6-768x489.jpg 768w, https:\/\/www.biewer-optik.de\/wp-content\/uploads\/sonnenbrille-adidas6.jpg 935w\" sizes=\"auto, (max-width: 300px) 100vw, 300px\" \/><\/a>\n\t\t\t<\/div><\/figure><figure class='gallery-item'>\n\t\t\t<div class='gallery-icon landscape'>\n\t\t\t\t<a href='https:\/\/www.biewer-optik.de\/wp-content\/uploads\/sonnenbrille-adidas5.jpg'><img loading=\"lazy\" decoding=\"async\" width=\"300\" height=\"191\" src=\"https:\/\/www.biewer-optik.de\/wp-content\/uploads\/sonnenbrille-adidas5-300x191.jpg\" class=\"attachment-medium size-medium\" alt=\"\" srcset=\"https:\/\/www.biewer-optik.de\/wp-content\/uploads\/sonnenbrille-adidas5-300x191.jpg 300w, https:\/\/www.biewer-optik.de\/wp-content\/uploads\/sonnenbrille-adidas5-768x489.jpg 768w, https:\/\/www.biewer-optik.de\/wp-content\/uploads\/sonnenbrille-adidas5.jpg 935w\" sizes=\"auto, (max-width: 300px) 100vw, 300px\" \/><\/a>\n\t\t\t<\/div><\/figure><figure class='gallery-item'>\n\t\t\t<div class='gallery-icon landscape'>\n\t\t\t\t<a href='https:\/\/www.biewer-optik.de\/wp-content\/uploads\/sonnenbrille-adidas4.jpg'><img loading=\"lazy\" decoding=\"async\" width=\"300\" height=\"191\" src=\"https:\/\/www.biewer-optik.de\/wp-content\/uploads\/sonnenbrille-adidas4-300x191.jpg\" class=\"attachment-medium size-medium\" alt=\"\" srcset=\"https:\/\/www.biewer-optik.de\/wp-content\/uploads\/sonnenbrille-adidas4-300x191.jpg 300w, https:\/\/www.biewer-optik.de\/wp-content\/uploads\/sonnenbrille-adidas4-768x489.jpg 768w, https:\/\/www.biewer-optik.de\/wp-content\/uploads\/sonnenbrille-adidas4.jpg 935w\" sizes=\"auto, (max-width: 300px) 100vw, 300px\" \/><\/a>\n\t\t\t<\/div><\/figure><figure class='gallery-item'>\n\t\t\t<div class='gallery-icon landscape'>\n\t\t\t\t<a href='https:\/\/www.biewer-optik.de\/wp-content\/uploads\/sonnenbrille-adidas3.jpg'><img loading=\"lazy\" decoding=\"async\" width=\"300\" height=\"191\" src=\"https:\/\/www.biewer-optik.de\/wp-content\/uploads\/sonnenbrille-adidas3-300x191.jpg\" class=\"attachment-medium size-medium\" alt=\"\" srcset=\"https:\/\/www.biewer-optik.de\/wp-content\/uploads\/sonnenbrille-adidas3-300x191.jpg 300w, https:\/\/www.biewer-optik.de\/wp-content\/uploads\/sonnenbrille-adidas3-768x489.jpg 768w, https:\/\/www.biewer-optik.de\/wp-content\/uploads\/sonnenbrille-adidas3.jpg 935w\" sizes=\"auto, (max-width: 300px) 100vw, 300px\" \/><\/a>\n\t\t\t<\/div><\/figure><figure class='gallery-item'>\n\t\t\t<div class='gallery-icon landscape'>\n\t\t\t\t<a href='https:\/\/www.biewer-optik.de\/wp-content\/uploads\/sonnenbrille-adidas2.jpg'><img loading=\"lazy\" decoding=\"async\" width=\"300\" height=\"191\" src=\"https:\/\/www.biewer-optik.de\/wp-content\/uploads\/sonnenbrille-adidas2-300x191.jpg\" class=\"attachment-medium size-medium\" alt=\"\" srcset=\"https:\/\/www.biewer-optik.de\/wp-content\/uploads\/sonnenbrille-adidas2-300x191.jpg 300w, https:\/\/www.biewer-optik.de\/wp-content\/uploads\/sonnenbrille-adidas2-768x489.jpg 768w, https:\/\/www.biewer-optik.de\/wp-content\/uploads\/sonnenbrille-adidas2.jpg 935w\" sizes=\"auto, (max-width: 300px) 100vw, 300px\" \/><\/a>\n\t\t\t<\/div><\/figure>\n\t\t<\/div>\n\n<\/div>\n<\/div>\n<p>&nbsp;<\/p>\n","protected":false},"excerpt":{"rendered":"<p>Sonnenbrillen sehen nicht nur cool und trendy aus, Sie sch\u00fctzen und entlasten das Auge auch bei intensiver Sonneneinstrahlung. Wir bieten Ihnen Sonnengl\u00e4ser in Ihrer Sehst\u00e4rke an. W\u00e4hlen Sie unter den reichhaltigen Modellen f\u00fchrender Marken: Adidas Bruno Banani Calvin Klein Carrera<\/p>\n","protected":false},"author":1,"featured_media":135,"parent":0,"menu_order":0,"comment_status":"closed","ping_status":"closed","template":"","meta":{"footnotes":""},"class_list":["post-102","page","type-page","status-publish","has-post-thumbnail","hentry"],"_links":{"self":[{"href":"https:\/\/www.biewer-optik.de\/index.php\/wp-json\/wp\/v2\/pages\/102","targetHints":{"allow":["GET"]}}],"collection":[{"href":"https:\/\/www.biewer-optik.de\/index.php\/wp-json\/wp\/v2\/pages"}],"about":[{"href":"https:\/\/www.biewer-optik.de\/index.php\/wp-json\/wp\/v2\/types\/page"}],"author":[{"embeddable":true,"href":"https:\/\/www.biewer-optik.de\/index.php\/wp-json\/wp\/v2\/users\/1"}],"replies":[{"embeddable":true,"href":"https:\/\/www.biewer-optik.de\/index.php\/wp-json\/wp\/v2\/comments?post=102"}],"version-history":[{"count":10,"href":"https:\/\/www.biewer-optik.de\/index.php\/wp-json\/wp\/v2\/pages\/102\/revisions"}],"predecessor-version":[{"id":457,"href":"https:\/\/www.biewer-optik.de\/index.php\/wp-json\/wp\/v2\/pages\/102\/revisions\/457"}],"wp:featuredmedia":[{"embeddable":true,"href":"https:\/\/www.biewer-optik.de\/index.php\/wp-json\/wp\/v2\/media\/135"}],"wp:attachment":[{"href":"https:\/\/www.biewer-optik.de\/index.php\/wp-json\/wp\/v2\/media?parent=102"}],"curies":[{"name":"wp","href":"https:\/\/api.w.org\/{rel}","templated":true}]}}